{"id":12,"date":"2017-04-26T07:03:27","date_gmt":"2017-04-26T07:03:27","guid":{"rendered":"http:\/\/samonas.codibee.solutions\/about-island\/"},"modified":"2020-07-02T15:32:50","modified_gmt":"2020-07-02T15:32:50","slug":"nearby-activities","status":"publish","type":"page","link":"https:\/\/www.samonas.gr\/da\/nearby-activities\/","title":{"rendered":"Udflugter i lokalomr\u00e5det"},"content":{"rendered":"<p>Uanset din alder eller dine interesser, s\u00e5 vil du have muligheden for at skabe helt unikke oplevelser \u00e5ret rundt hos Samonas Traditional Villas og p\u00e5 Kreta generelt. Vores villaer er t\u00e6t p\u00e5 bjergomr\u00e5der med ekstremt smuk natur og sj\u00e6ldne former for blomster og planter. Selv som turist kan man komme helt utroligt t\u00e6t p\u00e5 al sk\u00f8nheden, hvis man gerne vil, og det kan v\u00e6re enten i bil, til fods eller p\u00e5 den cykel, som kan l\u00e5ne gratis her. En vandretur i Kretas bjerge med vores erfarne guide kan hurtigt g\u00e5 hen og blive feriens h\u00f8jdepunkt.<\/p>\n<p>Det er ogs\u00e5 utroligt nemt at komme frem til de n\u00e6rliggende strande (10 minutter i bil), huler, kl\u00f8fter, andre traditionelle landsbyer og ark\u00e6ologiske steder. Landsbyen ligger mellem bjergene og havet samt t\u00e6t p\u00e5 en national hovedvej, hvilket giver den en strategiske beliggenhed med gode muligheder for at bes\u00f8ge b\u00e5de den vestlige og den \u00f8stlige del af \u00f8en. Uanset, hvad du v\u00e6lger i sidste ende, s\u00e5 er du sikret en fantastisk oplevelse, du kan m\u00e6rke med alle dine sanser. En oplevelse, som vi h\u00e5ber, vil f\u00e5 dig til at vende tilbage til Kreta og til Samonas igen snart.<\/p>","protected":false},"excerpt":{"rendered":"<p>Uanset din alder eller dine interesser, s\u00e5 vil du have muligheden for at skabe helt unikke oplevelser \u00e5ret rundt hos Samonas Traditional Villas og p\u00e5 Kreta generelt. Vores villaer er t\u00e6t p\u00e5 bjergomr\u00e5der med ekstremt smuk natur og sj\u00e6ldne former for blomster og planter.<\/p>\n","protected":false},"author":1,"featured_media":1208,"parent":0,"menu_order":0,"comment_status":"closed","ping_status":"closed","template":"","meta":{"footnotes":""},"class_list":["post-12","page","type-page","status-publish","has-post-thumbnail","hentry"],"_links":{"self":[{"href":"https:\/\/www.samonas.gr\/da\/wp-json\/wp\/v2\/pages\/12","targetHints":{"allow":["GET"]}}],"collection":[{"href":"https:\/\/www.samonas.gr\/da\/wp-json\/wp\/v2\/pages"}],"about":[{"href":"https:\/\/www.samonas.gr\/da\/wp-json\/wp\/v2\/types\/page"}],"author":[{"embeddable":true,"href":"https:\/\/www.samonas.gr\/da\/wp-json\/wp\/v2\/users\/1"}],"replies":[{"embeddable":true,"href":"https:\/\/www.samonas.gr\/da\/wp-json\/wp\/v2\/comments?post=12"}],"version-history":[{"count":58,"href":"https:\/\/www.samonas.gr\/da\/wp-json\/wp\/v2\/pages\/12\/revisions"}],"predecessor-version":[{"id":1415,"href":"https:\/\/www.samonas.gr\/da\/wp-json\/wp\/v2\/pages\/12\/revisions\/1415"}],"wp:featuredmedia":[{"embeddable":true,"href":"https:\/\/www.samonas.gr\/da\/wp-json\/wp\/v2\/media\/1208"}],"wp:attachment":[{"href":"https:\/\/www.samonas.gr\/da\/wp-json\/wp\/v2\/media?parent=12"}],"curies":[{"name":"wp","href":"https:\/\/api.w.org\/{rel}","templated":true}]}}