{"id":6,"date":"2017-04-26T07:03:27","date_gmt":"2017-04-26T07:03:27","guid":{"rendered":"http:\/\/samonas.codibee.solutions\/facilities\/"},"modified":"2025-11-15T08:54:13","modified_gmt":"2025-11-15T08:54:13","slug":"houses-facilities","status":"publish","type":"page","link":"https:\/\/www.samonas.gr\/da\/houses-facilities\/","title":{"rendered":"Faciliteter"},"content":{"rendered":"<p><\/p>\n<div class=\"cdb-container hotel_plus_benefits\"><strong><strong><strong><br \/>\n<strong>Villaernes faciliteter:<\/strong><\/strong><\/strong><\/strong><\/p>\n<ul>\n<li>Fuldt udstyret indbygget k\u00f8kken med ovn, keramiske kogeplader, k\u00f8leskab, fryser, opvaskemaskine, mikrob\u00f8lgeovne, kaffekande, br\u00f8drister, lille elektrisk fejemaskine, trykkoger og en hel r\u00e6kke kendte k\u00f8kkenartikler og service i top kvalitet.<\/li>\n<li>Spisestue med et stort bord og stole.<\/li>\n<li>Stue med pejs, tv, dvd-afspiller, stereoanl\u00e6g, 2- eller 3-personers sofa med ortop\u00e6diske madrasser, der nemt kan omdannes til to enkeltsenge eller en dobbeltseng.<\/li>\n<li>Sovev\u00e6relse med dobbeltseng med ortop\u00e6disk madras, toiletspejl, garderobe, tv-sk\u00e6rm, spejl i fuld l\u00e6ngde, strygejern, strygebr\u00e6t, telefon mv.<\/li>\n<li>Badev\u00e6relse med bruser, vaskemaskine, t\u00f8rretumbler og h\u00e5rt\u00f8rrer.<\/li>\n<li>Alle boliger har mindst en privat g\u00e5rdhave eller veranda og balkon med traditionelle udend\u00f8rsm\u00f8bler.<\/li>\n<li>Udover pejsen har alle boliger aircondition p\u00e5 begge etager og varmt vand fra sol- og elvarmer.<\/li>\n<li>Alle m\u00f8bler er h\u00e5ndlavet og udsk\u00e5ret i b\u00f8getr\u00e6.<\/li>\n<li>Linnedgardinerne er broderede og af h\u00f8jeste kvalitet, mens dyner og puder er af fjer.<\/li>\n<\/ul>\n<\/div>\n<div class=\"cdb-container\"><\/div>\n<div class=\"cdb-container hotel_plus_benefits\">\n<p><strong><strong><strong><strong>Gratis faciliteter:<\/strong><\/strong><\/strong><\/strong><\/p>\n<ul>\n<li>Regelm\u00e6ssig reng\u00f8ring og skift af senget\u00f8j i henhold til din reservationspolitik.<\/li>\n<li>Aircondition og pejs.<\/li>\n<li>Badefaciliteter, hjemmesko, badek\u00e5ber, poolh\u00e5ndkl\u00e6der.<\/li>\n<li>Velkomstdrink ved ankomsten og en startpakke.<\/li>\n<li>Udend\u00f8rs swimmingpool, parasoller, liggestole.<\/li>\n<li>Grill og traditionel ovn.<\/li>\n<li>Bibliotek, CD\/DVD, br\u00e6tspil.<\/li>\n<li>Wi-fi-internetforbindelse.<\/li>\n<\/ul>\n<\/div>\n<div class=\"cdb-container hotel_plus_benefits\"><strong><strong><strong><br \/>\n<strong>Betalingsfaciliteter:<\/strong><\/strong><\/strong><\/strong><\/div>\n<div class=\"cdb-container hotel_plus_benefits\"><\/div>\n<div class=\"cdb-container hotel_plus_benefits\"><a href=\"https:\/\/www.rental-center-crete.com\/online-quote.php?RF=0022#step1\" target=\"_blank\" rel=\"noopener\">Biludlejning<\/a><\/div>\n<div class=\"cdb-container hotel_plus_benefits\"><a href=\"https:\/\/www.crete.cab\/?RF=0022\" target=\"_blank\" rel=\"noopener\">Taxaservice<\/a><\/div>\n<div class=\"cdb-container hotel_plus_benefits\">\n<ul>\n<li>Traditionel morgenmad og sm\u00e5 m\u00e5ltider.<\/li>\n<li>Minimarked.<\/li>\n<li>e-bikes<\/li>\n<li>Udflugter.<\/li>\n<li>B\u00f8rnepasning.<\/li>\n<li>B\u00f8rnefaciliteter (barneseng, barnestol, bad, leget\u00f8j).<\/li>\n<li>Special udsmykning eller dekoration til enhver s\u00e6rlig lejlighed.<\/li>\n<li>&#8230; og andre s\u00e6rlige krav, du m\u00e5tte have.<\/li>\n<\/ul>\n<\/div>\n<div class=\"cdb-container\"><\/div>\n<p><\/p>","protected":false},"excerpt":{"rendered":"<p>Samonas Traditional Houses byder p\u00e5 r\u00e6kker forskellige services. Opdag vores v\u00e6relsesfaciliteter samt de gratis eller betalte servicetill\u00e6g.<\/p>\n","protected":false},"author":1,"featured_media":27,"parent":0,"menu_order":0,"comment_status":"closed","ping_status":"closed","template":"page_facilities.php","meta":{"footnotes":""},"class_list":["post-6","page","type-page","status-publish","has-post-thumbnail","hentry"],"_links":{"self":[{"href":"https:\/\/www.samonas.gr\/da\/wp-json\/wp\/v2\/pages\/6","targetHints":{"allow":["GET"]}}],"collection":[{"href":"https:\/\/www.samonas.gr\/da\/wp-json\/wp\/v2\/pages"}],"about":[{"href":"https:\/\/www.samonas.gr\/da\/wp-json\/wp\/v2\/types\/page"}],"author":[{"embeddable":true,"href":"https:\/\/www.samonas.gr\/da\/wp-json\/wp\/v2\/users\/1"}],"replies":[{"embeddable":true,"href":"https:\/\/www.samonas.gr\/da\/wp-json\/wp\/v2\/comments?post=6"}],"version-history":[{"count":41,"href":"https:\/\/www.samonas.gr\/da\/wp-json\/wp\/v2\/pages\/6\/revisions"}],"predecessor-version":[{"id":2062,"href":"https:\/\/www.samonas.gr\/da\/wp-json\/wp\/v2\/pages\/6\/revisions\/2062"}],"wp:featuredmedia":[{"embeddable":true,"href":"https:\/\/www.samonas.gr\/da\/wp-json\/wp\/v2\/media\/27"}],"wp:attachment":[{"href":"https:\/\/www.samonas.gr\/da\/wp-json\/wp\/v2\/media?parent=6"}],"curies":[{"name":"wp","href":"https:\/\/api.w.org\/{rel}","templated":true}]}}