{"id":12,"date":"2017-04-26T07:03:27","date_gmt":"2017-04-26T07:03:27","guid":{"rendered":"http:\/\/samonas.codibee.solutions\/about-island\/"},"modified":"2020-07-02T15:32:50","modified_gmt":"2020-07-02T15:32:50","slug":"nearby-activities","status":"publish","type":"page","link":"https:\/\/www.samonas.gr\/de\/nearby-activities\/","title":{"rendered":"Nahegelegene Ausflugsziele"},"content":{"rendered":"<p>In den Samon\u00e1s Traditional Villas wie auch auf ganz Kreta gibt es das ganze Jahr \u00fcber viele M\u00f6glichkeiten f\u00fcr einzigartige Erlebnisse &#8211; unabh\u00e4ngig von Ihrem Alter und Ihren Interessen. Unsere Villen liegen in der N\u00e4he von Bergen, die durch ihre Natursch\u00f6nheit und ihre seltene Flora bezaubern. Als Tourist k\u00f6nnen Sie diese sch\u00f6ne Umgebung mit dem Auto, zu Fu\u00df oder mit einem Fahrrad, welches wir Ihnen kostenlos zur Verf\u00fcgung stellen, entdecken. Ein Highlight f\u00fcr Ihren Urlaub ist auch das Trekking oder Wandern in den kretischen Bergen mit unserem erfahrenen Guide.<\/p>\n<p>Die nahegelegenen Str\u00e4nde (10 Minuten mit dem Auto), H\u00f6hlen, Schluchten, andere traditionelle D\u00f6rfer und arch\u00e4ologische St\u00e4tten sind leicht zu erreichen. Durch die ideale Lage des Dorfes auf einem H\u00fcgel zwischen den Bergen und dem Meer sowie in der N\u00e4he der Nationalstra\u00dfe k\u00f6nnen Besucher ganz einfach zur West- und zur Ostseite der Insel zu gelangen. Ganz egal, wie Sie sich entscheiden, Sie werden bestimmt mit all Ihren Sinnen begeistert sein! Wir hoffen, dass Ihre sch\u00f6nen Erinnerungen Sie bald wieder auf Kreta und nach Samon\u00e1s zur\u00fcckbringen.<\/p>","protected":false},"excerpt":{"rendered":"<p>In den Samon\u00e1s Traditional Villas wie auch auf ganz Kreta gibt es das ganze Jahr \u00fcber viele M\u00f6glichkeiten f\u00fcr einzigartige Erlebnisse &#8211; unabh\u00e4ngig von Ihrem Alter und Ihren Interessen.<\/p>\n","protected":false},"author":1,"featured_media":1208,"parent":0,"menu_order":0,"comment_status":"closed","ping_status":"closed","template":"","meta":{"footnotes":""},"class_list":["post-12","page","type-page","status-publish","has-post-thumbnail","hentry"],"_links":{"self":[{"href":"https:\/\/www.samonas.gr\/de\/wp-json\/wp\/v2\/pages\/12","targetHints":{"allow":["GET"]}}],"collection":[{"href":"https:\/\/www.samonas.gr\/de\/wp-json\/wp\/v2\/pages"}],"about":[{"href":"https:\/\/www.samonas.gr\/de\/wp-json\/wp\/v2\/types\/page"}],"author":[{"embeddable":true,"href":"https:\/\/www.samonas.gr\/de\/wp-json\/wp\/v2\/users\/1"}],"replies":[{"embeddable":true,"href":"https:\/\/www.samonas.gr\/de\/wp-json\/wp\/v2\/comments?post=12"}],"version-history":[{"count":58,"href":"https:\/\/www.samonas.gr\/de\/wp-json\/wp\/v2\/pages\/12\/revisions"}],"predecessor-version":[{"id":1415,"href":"https:\/\/www.samonas.gr\/de\/wp-json\/wp\/v2\/pages\/12\/revisions\/1415"}],"wp:featuredmedia":[{"embeddable":true,"href":"https:\/\/www.samonas.gr\/de\/wp-json\/wp\/v2\/media\/1208"}],"wp:attachment":[{"href":"https:\/\/www.samonas.gr\/de\/wp-json\/wp\/v2\/media?parent=12"}],"curies":[{"name":"wp","href":"https:\/\/api.w.org\/{rel}","templated":true}]}}