{"id":13,"date":"2017-04-26T07:03:27","date_gmt":"2017-04-26T07:03:27","guid":{"rendered":"http:\/\/samonas.codibee.solutions\/about-village\/"},"modified":"2021-01-14T09:10:05","modified_gmt":"2021-01-14T09:10:05","slug":"apokoronas-village","status":"publish","type":"page","link":"https:\/\/www.samonas.gr\/de\/apokoronas-village\/","title":{"rendered":"Die Gemeinde Apokoronas"},"content":{"rendered":"<p>Die Gemeinde Apokoronas ist f\u00fcr ihre gastfreundlichen Einwohner, ihre sch\u00f6nen traditionellen D\u00f6rfer und ihre einzigartige Natursch\u00f6nheit bekannt. Es lohnt sich, alle D\u00f6rfer zu besuchen, denn in jedem findet man eine ganz eigene Farbe, unterschiedliche Traditionen und Gebr\u00e4uche sowie eine eigene Geschichte. Zu nennen w\u00e4ren unter anderen die D\u00f6rfer Stylos, Neo Chorio, Armeni, Kalives, Plaka, Gavalochori, Kefalas, Vamos, Pemonia, Paidochori, Exopoli, Kalamitsi, Fylaki, Vrysses, Vafes und Argyroupoli. Der n\u00e4chstgelegene Strand befindet sich in einer Entfernung von 10 km in Kalyves und auch die Str\u00e4nde von Almyrida und Kyani Akti sind nicht weit. Alle die Str\u00e4nde sind mit der blauen Umweltflagge ausgezeichnet worden. Besuchen Sie die Quellen in Stylos, spazieren Sie dem Fluss Kiliaris entlang und bestaunen Sie das Biotop von Georgioupoli und den einzigartigen Kournas-See.<\/p>\n<p>Wenn Sie lieber zu Berge gehen m\u00f6chten, stehen Ihnen auch viele Wege und interessante D\u00f6rfer offen. Ramni, Kares, Macheri, Kampi, Katohori, Fres, Tzitzifes, Embrosneros, Asi Gonia erwarten Sie alle in typisch kretischer Atmosph\u00e4re. In der Umgebung finden Sie gastfreundliche Caf\u00e9s und sch\u00f6ne Tavernen mit traditioneller kretischer K\u00fcche. Sehr oft werden Sie von den Einheimischen zu einem Raki eingeladen. Lehnen Sie nicht ab und verpassen Sie diese Gelegenheit nicht, Land und Leute besser kennenzulernen.<\/p>\n<p>&nbsp;<\/p>\n<p>In den Samon\u00e1s Traditional Villas wie auch auf ganz Kreta gibt es das ganze Jahr \u00fcber viele M\u00f6glichkeiten f\u00fcr einzigartige Erlebnisse &#8211; unabh\u00e4ngig von Ihrem Alter und Ihren Interessen. Unsere Villen liegen in der N\u00e4he von Bergen, die durch ihre Natursch\u00f6nheit und ihre seltene Flora bezaubern. Als Tourist k\u00f6nnen Sie diese sch\u00f6ne Umgebung mit dem Auto, zu Fu\u00df oder mit einem Fahrrad, welches wir Ihnen kostenlos zur Verf\u00fcgung stellen, entdecken. Ein Highlight f\u00fcr Ihren Urlaub ist auch das Trekking oder Wandern in den kretischen Bergen mit unserem erfahrenen Guide.<\/p>\n<p>Die nahegelegenen Str\u00e4nde (10 Minuten mit dem Auto), H\u00f6hlen, Schluchten, andere traditionelle D\u00f6rfer und arch\u00e4ologische St\u00e4tten sind leicht zu erreichen. Durch die ideale Lage des Dorfes auf einem H\u00fcgel zwischen den Bergen und dem Meer sowie in der N\u00e4he der Nationalstra\u00dfe k\u00f6nnen Besucher ganz einfach zur West- und zur Ostseite der Insel zu gelangen. Ganz egal, wie Sie sich entscheiden, Sie werden bestimmt mit all Ihren Sinnen begeistert sein! Wir hoffen, dass Ihre sch\u00f6nen Erinnerungen Sie bald wieder auf Kreta und nach Samon\u00e1s zur\u00fcckbringen.<\/p>","protected":false},"excerpt":{"rendered":"<p>Die Gemeinde Apokoronas ist f\u00fcr ihre gastfreundlichen Einwohner, ihre sch\u00f6nen traditionellen D\u00f6rfer und ihre einzigartige Natursch\u00f6nheit bekannt.<\/p>\n","protected":false},"author":1,"featured_media":70,"parent":0,"menu_order":0,"comment_status":"closed","ping_status":"closed","template":"","meta":{"footnotes":""},"class_list":["post-13","page","type-page","status-publish","has-post-thumbnail","hentry"],"_links":{"self":[{"href":"https:\/\/www.samonas.gr\/de\/wp-json\/wp\/v2\/pages\/13","targetHints":{"allow":["GET"]}}],"collection":[{"href":"https:\/\/www.samonas.gr\/de\/wp-json\/wp\/v2\/pages"}],"about":[{"href":"https:\/\/www.samonas.gr\/de\/wp-json\/wp\/v2\/types\/page"}],"author":[{"embeddable":true,"href":"https:\/\/www.samonas.gr\/de\/wp-json\/wp\/v2\/users\/1"}],"replies":[{"embeddable":true,"href":"https:\/\/www.samonas.gr\/de\/wp-json\/wp\/v2\/comments?post=13"}],"version-history":[{"count":24,"href":"https:\/\/www.samonas.gr\/de\/wp-json\/wp\/v2\/pages\/13\/revisions"}],"predecessor-version":[{"id":1496,"href":"https:\/\/www.samonas.gr\/de\/wp-json\/wp\/v2\/pages\/13\/revisions\/1496"}],"wp:featuredmedia":[{"embeddable":true,"href":"https:\/\/www.samonas.gr\/de\/wp-json\/wp\/v2\/media\/70"}],"wp:attachment":[{"href":"https:\/\/www.samonas.gr\/de\/wp-json\/wp\/v2\/media?parent=13"}],"curies":[{"name":"wp","href":"https:\/\/api.w.org\/{rel}","templated":true}]}}