{"id":12,"date":"2017-04-26T07:03:27","date_gmt":"2017-04-26T07:03:27","guid":{"rendered":"http:\/\/samonas.codibee.solutions\/about-island\/"},"modified":"2020-07-02T15:32:50","modified_gmt":"2020-07-02T15:32:50","slug":"nearby-activities","status":"publish","type":"page","link":"https:\/\/www.samonas.gr\/fr\/nearby-activities\/","title":{"rendered":"Excursions \u00e0 Proximit\u00e9"},"content":{"rendered":"<p>Quelque soit votre age ou vos centres d\u2019int\u00e9r\u00eats, dans les Samonas Traditional Villas et plus g\u00e9n\u00e9ralement en Cr\u00e8te, vous aurez la chance de vivre une exp\u00e9rience unique tout au long de l\u2019ann\u00e9e. Nos villas sont proches de montagnes d\u2019une beaut\u00e9 naturelle extr\u00eame qui poss\u00e8dent une flore unique. Tous les touristes ont la possibilit\u00e9 d\u2019approcher ces beaut\u00e9s, et s\u2019ils le d\u00e9sirent, en voiture, \u00e0 pied ou \u00e0 v\u00e9lo fourni gratuitement ici. Faire de la randonn\u00e9e ou marcher dans les montagnes cr\u00e9toises accompagn\u00e9s de notre guide exp\u00e9riment\u00e9 sera le moment fort de votre s\u00e9jour.<\/p>\n<p>Il est \u00e9galement tr\u00e8s facile de se rendre sur les plages \u00e0 proximit\u00e9 (10 minutes en voiture), dans les grottes, les gorges, et les autres villages traditionnelles ou sites arch\u00e9ologiques. La position strat\u00e9gique du village, situ\u00e9 sur une colline entre les montagnes et la mer, et la proximit\u00e9 de la route nationale, offre la possibilit\u00e9 au visiteur de se rendre \u00e0 la fois sur la c\u00f4t\u00e9 Ouest et Est de l\u2019\u00eele. Nous esp\u00e9rons que les souvenirs vous ferons revenir rapidement en Cr\u00e9te et \u00e0 Samonas.<\/p>","protected":false},"excerpt":{"rendered":"<p>Quelque soit votre age ou vos centres d\u2019int\u00e9r\u00eats, dans les Samonas Traditional Villas et plus g\u00e9n\u00e9ralement en Cr\u00e8te, vous aurez la chance de vivre une exp\u00e9rience unique tout au long de l\u2019ann\u00e9e.<\/p>\n","protected":false},"author":1,"featured_media":1208,"parent":0,"menu_order":0,"comment_status":"closed","ping_status":"closed","template":"","meta":{"footnotes":""},"class_list":["post-12","page","type-page","status-publish","has-post-thumbnail","hentry"],"_links":{"self":[{"href":"https:\/\/www.samonas.gr\/fr\/wp-json\/wp\/v2\/pages\/12","targetHints":{"allow":["GET"]}}],"collection":[{"href":"https:\/\/www.samonas.gr\/fr\/wp-json\/wp\/v2\/pages"}],"about":[{"href":"https:\/\/www.samonas.gr\/fr\/wp-json\/wp\/v2\/types\/page"}],"author":[{"embeddable":true,"href":"https:\/\/www.samonas.gr\/fr\/wp-json\/wp\/v2\/users\/1"}],"replies":[{"embeddable":true,"href":"https:\/\/www.samonas.gr\/fr\/wp-json\/wp\/v2\/comments?post=12"}],"version-history":[{"count":58,"href":"https:\/\/www.samonas.gr\/fr\/wp-json\/wp\/v2\/pages\/12\/revisions"}],"predecessor-version":[{"id":1415,"href":"https:\/\/www.samonas.gr\/fr\/wp-json\/wp\/v2\/pages\/12\/revisions\/1415"}],"wp:featuredmedia":[{"embeddable":true,"href":"https:\/\/www.samonas.gr\/fr\/wp-json\/wp\/v2\/media\/1208"}],"wp:attachment":[{"href":"https:\/\/www.samonas.gr\/fr\/wp-json\/wp\/v2\/media?parent=12"}],"curies":[{"name":"wp","href":"https:\/\/api.w.org\/{rel}","templated":true}]}}