{"id":13,"date":"2017-04-26T07:03:27","date_gmt":"2017-04-26T07:03:27","guid":{"rendered":"http:\/\/samonas.codibee.solutions\/about-village\/"},"modified":"2021-01-14T09:10:05","modified_gmt":"2021-01-14T09:10:05","slug":"apokoronas-village","status":"publish","type":"page","link":"https:\/\/www.samonas.gr\/fr\/apokoronas-village\/","title":{"rendered":"Apokoronas"},"content":{"rendered":"<p>La r\u00e9gion d\u2019Apokoronas est reconnue pour l\u2019accueil de ses habitants, ses villages traditionnels magnifiques et la beaut\u00e9 unique de sa nature. Il est int\u00e9ressant de tous les visiter, car ils ont tous des couleurs, des traditions, un folklore et une histoire particuli\u00e8re. Stylos, Neo Chorio, Armeni, Kalives, Plaka, Gavalochori, Kefalas, Vamos, Pemonia, Paidochori, Exopoli, Kalamitsi, Fylaki, Vrysses, Vafes, Argyroupoli, pour n\u2019en citer que quelques uns. La plage la plus proche \u00e0 Kalyves est situ\u00e9e \u00e0 une distance de 10km, mais vous pouvez \u00e9galement visiter les plages plus proches de Almyrida et Kyani Akti, toutes r\u00e9compens\u00e9es d\u2019un drapeau bleu. Vous pourrez \u00e9galement visiter les sources de Stylos, marcher au bord de la rivi\u00e8re Kiliaris, admirez les merveilles de la nature \u00e0 Georgioupoli et le Lac Kourna unique en Cr\u00e8te.<\/p>\n<p>Si vous pr\u00e9f\u00e9rez la montagne, il y a \u00e9galement de nombreux parcours \u00e0 suivre et des villages int\u00e9ressants \u00e0 visiter. Ramni, Kares, Macheri, Kampi, Katohori, Fres, Tzitzifes, Embrosneros, Asi Gonia tous avec une atmosph\u00e9re cr\u00e9toise typique. En parcourant la r\u00e9gion vous trouverez de nombreux caf\u00e9s et de magnifiques tavernes o\u00f9 vous pourrez d\u00e9guster la cuisine cr\u00e9toise traditionnelle. Fr\u00e9quemment vous serez invit\u00e9s \u00e0 d\u00e9guster un raki par les locaux. Ne le refusez pas et ne manquez pas l\u2019occasion de mieux les conna\u00eetre.<\/p>\n<p>&nbsp;<\/p>\n<p>Quelque soit votre age ou vos centres d\u2019int\u00e9r\u00eats, dans les Samonas Traditional Villas et plus g\u00e9n\u00e9ralement en Cr\u00e8te, vous aurez la chance de vivre une exp\u00e9rience unique tout au long de l\u2019ann\u00e9e. Nos villas sont proches de montagnes d\u2019une beaut\u00e9 naturelle extr\u00eame qui poss\u00e8dent une flore unique. Tous les touristes ont la possibilit\u00e9 d\u2019approcher ces beaut\u00e9s, et s\u2019ils le d\u00e9sirent, en voiture, \u00e0 pied ou \u00e0 v\u00e9lo fourni gratuitement ici. Faire de la randonn\u00e9e ou marcher dans les montagnes cr\u00e9toises accompagn\u00e9s de notre guide exp\u00e9riment\u00e9 sera le moment fort de votre s\u00e9jour.<\/p>\n<p>Il est \u00e9galement tr\u00e8s facile de se rendre sur les plages \u00e0 proximit\u00e9 (10 minutes en voiture), dans les grottes, les gorges, et les autres villages traditionnelles ou sites arch\u00e9ologiques. La position strat\u00e9gique du village, situ\u00e9 sur une colline entre les montagnes et la mer, et la proximit\u00e9 de la route nationale, offre la possibilit\u00e9 au visiteur de se rendre \u00e0 la fois sur la c\u00f4t\u00e9 Ouest et Est de l\u2019\u00eele. Nous esp\u00e9rons que les souvenirs vous ferons revenir rapidement en Cr\u00e9te et \u00e0 Samonas.<\/p>","protected":false},"excerpt":{"rendered":"<p>La r\u00e9gion d\u2019Apokoronas est reconnue pour l\u2019accueil de ses habitants, ses villages traditionnels magnifiques et la beaut\u00e9 unique de sa nature.<\/p>\n","protected":false},"author":1,"featured_media":70,"parent":0,"menu_order":0,"comment_status":"closed","ping_status":"closed","template":"","meta":{"footnotes":""},"class_list":["post-13","page","type-page","status-publish","has-post-thumbnail","hentry"],"_links":{"self":[{"href":"https:\/\/www.samonas.gr\/fr\/wp-json\/wp\/v2\/pages\/13","targetHints":{"allow":["GET"]}}],"collection":[{"href":"https:\/\/www.samonas.gr\/fr\/wp-json\/wp\/v2\/pages"}],"about":[{"href":"https:\/\/www.samonas.gr\/fr\/wp-json\/wp\/v2\/types\/page"}],"author":[{"embeddable":true,"href":"https:\/\/www.samonas.gr\/fr\/wp-json\/wp\/v2\/users\/1"}],"replies":[{"embeddable":true,"href":"https:\/\/www.samonas.gr\/fr\/wp-json\/wp\/v2\/comments?post=13"}],"version-history":[{"count":24,"href":"https:\/\/www.samonas.gr\/fr\/wp-json\/wp\/v2\/pages\/13\/revisions"}],"predecessor-version":[{"id":1496,"href":"https:\/\/www.samonas.gr\/fr\/wp-json\/wp\/v2\/pages\/13\/revisions\/1496"}],"wp:featuredmedia":[{"embeddable":true,"href":"https:\/\/www.samonas.gr\/fr\/wp-json\/wp\/v2\/media\/70"}],"wp:attachment":[{"href":"https:\/\/www.samonas.gr\/fr\/wp-json\/wp\/v2\/media?parent=13"}],"curies":[{"name":"wp","href":"https:\/\/api.w.org\/{rel}","templated":true}]}}