{"id":5,"date":"2017-04-26T07:03:27","date_gmt":"2017-04-26T07:03:27","guid":{"rendered":"http:\/\/samonas.codibee.solutions\/accommodation\/"},"modified":"2025-10-14T16:23:45","modified_gmt":"2025-10-14T16:23:45","slug":"chania-villas","status":"publish","type":"page","link":"https:\/\/www.samonas.gr\/fr\/chania-villas\/","title":{"rendered":"Les villas"},"content":{"rendered":"<p>Toutes nos villas poss\u00e8dent deux niveaux (maisonnettes) avec une <strong>vue illimit\u00e9e sur les montagnes, la vall\u00e9e et la mer.<\/strong> Elles sont construites exclusivement en pierre et en bois pour se fondre dans leur environnement. Chacune est construite \u00e0 un niveau diff\u00e9rent en raison du sol pentu,avec des espaces communs (piscine, barbecue, gymnase, caf\u00e9), ainsi que des cours priv\u00e9es, des v\u00e9randas ou des balcons et des coins calmes. Certaines maisons ont m\u00eame acc\u00e8s \u00e0 la terrasse sur le toit (jardin sur le toit)<\/p>\n<p>Toutes les villas poss\u00e8dent deux entr\u00e9es principales avec des <strong>serrures traditionnelles rustiques<\/strong> et des grosses cl\u00e9s en fer. Elles sont d\u00e9cor\u00e9es avec de nombreux petits objets folkloriques et anciens. Toutes poss\u00e8dent le m\u00eame niveau de confort et de luxe, malgr\u00e9 leurs tailles et forme diff\u00e9rentes.<\/p>\n<p>&nbsp;<\/p>","protected":false},"excerpt":{"rendered":"<p>Toutes nos villas poss\u00e8dent deux niveaux (maisonnettes) avec une vue illimit\u00e9e sur les montagnes, la vall\u00e9e et la mer. Elles sont construites exclusivement en pierre et en bois pour se fondre dans leur environnement. Chacune est construite \u00e0 un niveau diff\u00e9rent en raison du sol pentu, avec un jardin commun ainsi qu\u2019une v\u00e9randa ou un balcon ind\u00e9pendant et des recoins calmes.<\/p>\n","protected":false},"author":1,"featured_media":103,"parent":0,"menu_order":0,"comment_status":"closed","ping_status":"closed","template":"page_rooms.php","meta":{"footnotes":""},"class_list":["post-5","page","type-page","status-publish","has-post-thumbnail","hentry"],"_links":{"self":[{"href":"https:\/\/www.samonas.gr\/fr\/wp-json\/wp\/v2\/pages\/5","targetHints":{"allow":["GET"]}}],"collection":[{"href":"https:\/\/www.samonas.gr\/fr\/wp-json\/wp\/v2\/pages"}],"about":[{"href":"https:\/\/www.samonas.gr\/fr\/wp-json\/wp\/v2\/types\/page"}],"author":[{"embeddable":true,"href":"https:\/\/www.samonas.gr\/fr\/wp-json\/wp\/v2\/users\/1"}],"replies":[{"embeddable":true,"href":"https:\/\/www.samonas.gr\/fr\/wp-json\/wp\/v2\/comments?post=5"}],"version-history":[{"count":28,"href":"https:\/\/www.samonas.gr\/fr\/wp-json\/wp\/v2\/pages\/5\/revisions"}],"predecessor-version":[{"id":2031,"href":"https:\/\/www.samonas.gr\/fr\/wp-json\/wp\/v2\/pages\/5\/revisions\/2031"}],"wp:featuredmedia":[{"embeddable":true,"href":"https:\/\/www.samonas.gr\/fr\/wp-json\/wp\/v2\/media\/103"}],"wp:attachment":[{"href":"https:\/\/www.samonas.gr\/fr\/wp-json\/wp\/v2\/media?parent=5"}],"curies":[{"name":"wp","href":"https:\/\/api.w.org\/{rel}","templated":true}]}}