{"id":6,"date":"2017-04-26T07:03:27","date_gmt":"2017-04-26T07:03:27","guid":{"rendered":"http:\/\/samonas.codibee.solutions\/facilities\/"},"modified":"2025-11-15T08:54:13","modified_gmt":"2025-11-15T08:54:13","slug":"houses-facilities","status":"publish","type":"page","link":"https:\/\/www.samonas.gr\/fr\/houses-facilities\/","title":{"rendered":"Equipements"},"content":{"rendered":"<p><\/p>\n<div class=\"cdb-container hotel_plus_benefits\"><strong><strong><strong><br \/>\n<strong>Equipement des villas:<\/strong><\/strong><\/strong><\/strong><\/p>\n<ul>\n<li>Cuisine enti\u00e8rement \u00e9quip\u00e9e et int\u00e9gr\u00e9e avec four, plaques vitro c\u00e9ramique, r\u00e9frig\u00e9rateur, cong\u00e9lateur, lave-vaisselle, four micro-ondes, cafeti\u00e8re, grille-pain, petit aspirateur, et une gamme compl\u00e8te d\u2019ustensiles de cuisine et couverts de qualit\u00e9.<\/li>\n<li>Une salle \u00e0 manger avec une grande table et des chaises.<\/li>\n<li>Un salon avec une chemin\u00e9e, t\u00e9l\u00e9vision, lecteur DVD, cha\u00eene st\u00e9r\u00e9o, \u00a0canap\u00e9 double ou triple avec matelas orthop\u00e9dique qui peut se convertir facilement en lit simple ou double.<\/li>\n<li>Chambre avec douche, machine \u00e0 laver, s\u00e8che-linge, et s\u00e8che-cheveux.<\/li>\n<li>Toutes les habitations poss\u00e8dent au moins une cour, un balcon ou une v\u00e9randa ind\u00e9pendante avec des meubles ext\u00e9rieurs traditionnels.<\/li>\n<li>Mis \u00e0 part la chemin\u00e9e, toutes les habitations sont \u00e9quip\u00e9es de climatisation \u00e0 chaque \u00e9tape, et de l\u2019eau chaude gr\u00e2ce \u00e0 l\u2019\u00e9nergie solaire ou \u00e0 un chauffe eau.<\/li>\n<li>Tous les meubles sont faits main \u00e0 partir de bois de h\u00eatre.<\/li>\n<li>Le linge de lit en lin est brod\u00e9 et de qualit\u00e9 sup\u00e9rieure, les oreillers et les couettes sont garnis de plume.<\/li>\n<li>Chambre avec lit double et matelas orthop\u00e9dique, miroir de bain, penderie, paravent, miroir psych\u00e9, fer \u00e0 repasser, planche \u00e0 repasser, t\u00e9l\u00e9phone, etc.<\/li>\n<\/ul>\n<\/div>\n<div class=\"cdb-container\"><\/div>\n<p>&nbsp;<\/p>\n<div class=\"cdb-container hotel_plus_benefits\"><strong><strong><strong><br \/>\n<strong>Services gratuits:<\/strong><\/strong><\/strong><\/strong><\/p>\n<ul>\n<li>Service de m\u00e9nage r\u00e9gulier et changement des draps selon votre politique de r\u00e9servation.<\/li>\n<li>Climatisation et chemin\u00e9e.<\/li>\n<li>Produits de bain, chaussons, peignoirs de bain, et serviettes de bain.<\/li>\n<li>Verre de bienvenue \u00e0 l\u2019arriv\u00e9e et un coffret de bienvenue basique.<\/li>\n<li>Piscine ext\u00e9rieure, parasol, bains de soleil.<\/li>\n<li>Barbecue et four traditionnel.<\/li>\n<li>Biblioth\u00e8que, CD\/DVD, jeux de plateau.<\/li>\n<li>Wi-Fi.<\/li>\n<\/ul>\n<\/div>\n<div class=\"cdb-container hotel_plus_benefits\"><strong><strong><strong><br \/>\n<strong>Services payants:<\/strong><\/strong><\/strong><\/strong><\/div>\n<div class=\"cdb-container hotel_plus_benefits\"><\/div>\n<div class=\"cdb-container hotel_plus_benefits\"><a href=\"https:\/\/www.rental-center-crete.com\/online-quote.php?RF=0022#step1\" target=\"_blank\" rel=\"noopener\">Location de voiture<\/a><\/div>\n<div class=\"cdb-container hotel_plus_benefits\"><a href=\"https:\/\/www.crete.cab\/?RF=0022\" target=\"_blank\" rel=\"noopener\">Transfert en taxi<\/a><\/div>\n<div class=\"cdb-container hotel_plus_benefits\">\n<ul>\n<li>Petit d\u00e9jeuner traditionnel et en-cas.<\/li>\n<li>Mini march\u00e9.<\/li>\n<li>Excursions.<\/li>\n<li>VTT \u00e9lectriques.<\/li>\n<li>Equipements pour enfants (lit b\u00e9b\u00e9, chaise b\u00e9b\u00e9, berceau, jouets).<\/li>\n<li>D\u00e9coration sp\u00e9ciale pour toute occasion sp\u00e9ciale.<\/li>\n<li>&#8230;Et toutes les demandes sp\u00e9ciales que vous pourriez avoir.<\/li>\n<\/ul>\n<\/div>\n<div class=\"cdb-container\"><\/div>\n<p><\/p>","protected":false},"excerpt":{"rendered":"<p>Samonas Traditional Houses propose de nombreux services. D\u00e9couvrez les \u00e9quipements de nos chambres ainsi que les services suppl\u00e9mentaires gratuits ou payants.<\/p>\n","protected":false},"author":1,"featured_media":27,"parent":0,"menu_order":0,"comment_status":"closed","ping_status":"closed","template":"page_facilities.php","meta":{"footnotes":""},"class_list":["post-6","page","type-page","status-publish","has-post-thumbnail","hentry"],"_links":{"self":[{"href":"https:\/\/www.samonas.gr\/fr\/wp-json\/wp\/v2\/pages\/6","targetHints":{"allow":["GET"]}}],"collection":[{"href":"https:\/\/www.samonas.gr\/fr\/wp-json\/wp\/v2\/pages"}],"about":[{"href":"https:\/\/www.samonas.gr\/fr\/wp-json\/wp\/v2\/types\/page"}],"author":[{"embeddable":true,"href":"https:\/\/www.samonas.gr\/fr\/wp-json\/wp\/v2\/users\/1"}],"replies":[{"embeddable":true,"href":"https:\/\/www.samonas.gr\/fr\/wp-json\/wp\/v2\/comments?post=6"}],"version-history":[{"count":41,"href":"https:\/\/www.samonas.gr\/fr\/wp-json\/wp\/v2\/pages\/6\/revisions"}],"predecessor-version":[{"id":2062,"href":"https:\/\/www.samonas.gr\/fr\/wp-json\/wp\/v2\/pages\/6\/revisions\/2062"}],"wp:featuredmedia":[{"embeddable":true,"href":"https:\/\/www.samonas.gr\/fr\/wp-json\/wp\/v2\/media\/27"}],"wp:attachment":[{"href":"https:\/\/www.samonas.gr\/fr\/wp-json\/wp\/v2\/media?parent=6"}],"curies":[{"name":"wp","href":"https:\/\/api.w.org\/{rel}","templated":true}]}}