{"id":8,"date":"2017-04-26T07:03:27","date_gmt":"2017-04-26T07:03:27","guid":{"rendered":"http:\/\/samonas.codibee.solutions\/location\/"},"modified":"2022-10-10T18:30:41","modified_gmt":"2022-10-10T18:30:41","slug":"samonas-village","status":"publish","type":"page","link":"https:\/\/www.samonas.gr\/fr\/samonas-village\/","title":{"rendered":"Emplacement"},"content":{"rendered":"<p>Le quartier traditionnel de Samonas est un quartier enti\u00e8rement r\u00e9nov\u00e9 dans le village de Samonas, dans le district de Apokoronas en Cr\u00e8te, \u00e0 une altitude de 400m et \u00e0 25km de Chania. Le quartier est construit sur les pentes de la colline et est orient\u00e9 de fa\u00e7on \u00e0 offrir une vue \u00e9poustouflante sur la montagne, la vall\u00e9e et la mer depuis chacune des maisons. En regardant par-dessus les habitations, vous aurez l\u2019impression de pouvoir toucher les Montagnes Blanches de Cr\u00e8te ou de pouvoir plonger dans la mer cr\u00e9toise<\/p>\n<h2>Comment s\u2019y rendre?<\/h2>\n<p><strong>1. Depuis l\u2019a\u00e9roport de Chania, suivez les directions <\/strong>: A\u00e9roport \u2013 Souda &#8211; Megala Horafia \u2013 Styos \u2013 Samonas.<br \/>\nPlus pr\u00e9cis\u00e9ment : A 7km de l\u2019a\u00e9roport, prenez \u00e0 gauche en direction du port de Souda. Apr\u00e8s avoir travers\u00e9 Souda prenez l\u2019autoroute en direction de Rethymnon. Quelques kilom\u00e8tres plus loin, prenez la sortie en direction de Megala Horafia et continuez tout droit jusqu\u2019au village de Stylos. A la sortie du village de Stylos, la route se s\u00e9pare. Vous devez prendre la voie de droite. Apr\u00e8s 4km vous arriverez au village de Samonas. Nos maisons traditionnelles se situent sur la gauche, apr\u00e8s les premi\u00e8res r\u00e9sidences. <a href=\"https:\/\/www.ferriesingreece.com\/destinations\/ferry-to-chania\/?aff=0websites\" target=\"_blank\" rel=\"nofollow\">R\u00e9servez vos billets de ferry<\/a>\u00a0et Venez \u00e0 Chania!<\/p>\n<br><br><div class=\"gallery clearfix\"><div class=\"grid-sizer\"><\/div><dl class=\"gallery-item\"><dt class=\"gallery-icon\"><a href=\"https:\/\/www.samonas.gr\/wp-content\/uploads\/sites\/172\/2017\/05\/Mantzourana-villa-02-1024x683.jpg\"><img loading=\"lazy\" decoding=\"async\" width=\"320\" height=\"213\" src=\"https:\/\/www.samonas.gr\/wp-content\/uploads\/sites\/172\/2017\/05\/Mantzourana-villa-02-320x213.jpg\" class=\"attachment-small-mobile size-small-mobile\" alt=\"\" srcset=\"https:\/\/www.samonas.gr\/wp-content\/uploads\/sites\/172\/2017\/05\/Mantzourana-villa-02-320x213.jpg 320w, https:\/\/www.samonas.gr\/wp-content\/uploads\/sites\/172\/2017\/05\/Mantzourana-villa-02-300x200.jpg 300w, https:\/\/www.samonas.gr\/wp-content\/uploads\/sites\/172\/2017\/05\/Mantzourana-villa-02-1024x683.jpg 1024w, https:\/\/www.samonas.gr\/wp-content\/uploads\/sites\/172\/2017\/05\/Mantzourana-villa-02-1280x853.jpg 1280w, https:\/\/www.samonas.gr\/wp-content\/uploads\/sites\/172\/2017\/05\/Mantzourana-villa-02-680x453.jpg 680w, https:\/\/www.samonas.gr\/wp-content\/uploads\/sites\/172\/2017\/05\/Mantzourana-villa-02-1920x1280.jpg 1920w\" sizes=\"auto, (max-width: 320px) 100vw, 320px\" \/><\/a><\/dt><\/dl><dl class=\"gallery-item\"><dt class=\"gallery-icon\"><a href=\"https:\/\/www.samonas.gr\/wp-content\/uploads\/sites\/172\/2017\/05\/Mantzourana-villa-03-1024x683.jpg\"><img loading=\"lazy\" decoding=\"async\" width=\"320\" height=\"213\" src=\"https:\/\/www.samonas.gr\/wp-content\/uploads\/sites\/172\/2017\/05\/Mantzourana-villa-03-320x213.jpg\" class=\"attachment-small-mobile size-small-mobile\" alt=\"\" srcset=\"https:\/\/www.samonas.gr\/wp-content\/uploads\/sites\/172\/2017\/05\/Mantzourana-villa-03-320x213.jpg 320w, https:\/\/www.samonas.gr\/wp-content\/uploads\/sites\/172\/2017\/05\/Mantzourana-villa-03-300x200.jpg 300w, https:\/\/www.samonas.gr\/wp-content\/uploads\/sites\/172\/2017\/05\/Mantzourana-villa-03-1024x683.jpg 1024w, https:\/\/www.samonas.gr\/wp-content\/uploads\/sites\/172\/2017\/05\/Mantzourana-villa-03-1280x853.jpg 1280w, https:\/\/www.samonas.gr\/wp-content\/uploads\/sites\/172\/2017\/05\/Mantzourana-villa-03-680x453.jpg 680w, https:\/\/www.samonas.gr\/wp-content\/uploads\/sites\/172\/2017\/05\/Mantzourana-villa-03-1920x1280.jpg 1920w\" sizes=\"auto, (max-width: 320px) 100vw, 320px\" \/><\/a><\/dt><\/dl><dl class=\"gallery-item\"><dt class=\"gallery-icon\"><a href=\"https:\/\/www.samonas.gr\/wp-content\/uploads\/sites\/172\/2017\/05\/Mantzourana-villa-06-1024x683.jpg\"><img loading=\"lazy\" decoding=\"async\" width=\"320\" height=\"213\" src=\"https:\/\/www.samonas.gr\/wp-content\/uploads\/sites\/172\/2017\/05\/Mantzourana-villa-06-320x213.jpg\" class=\"attachment-small-mobile size-small-mobile\" alt=\"\" srcset=\"https:\/\/www.samonas.gr\/wp-content\/uploads\/sites\/172\/2017\/05\/Mantzourana-villa-06-320x213.jpg 320w, https:\/\/www.samonas.gr\/wp-content\/uploads\/sites\/172\/2017\/05\/Mantzourana-villa-06-300x200.jpg 300w, https:\/\/www.samonas.gr\/wp-content\/uploads\/sites\/172\/2017\/05\/Mantzourana-villa-06-1024x683.jpg 1024w, https:\/\/www.samonas.gr\/wp-content\/uploads\/sites\/172\/2017\/05\/Mantzourana-villa-06-1280x853.jpg 1280w, https:\/\/www.samonas.gr\/wp-content\/uploads\/sites\/172\/2017\/05\/Mantzourana-villa-06-680x453.jpg 680w, https:\/\/www.samonas.gr\/wp-content\/uploads\/sites\/172\/2017\/05\/Mantzourana-villa-06-1920x1280.jpg 1920w\" sizes=\"auto, (max-width: 320px) 100vw, 320px\" \/><\/a><\/dt><\/dl><dl class=\"gallery-item\"><dt class=\"gallery-icon\"><a href=\"https:\/\/www.samonas.gr\/wp-content\/uploads\/sites\/172\/2017\/05\/samonas-apartments-chania-1024x683.jpg\"><img loading=\"lazy\" decoding=\"async\" width=\"320\" height=\"213\" src=\"https:\/\/www.samonas.gr\/wp-content\/uploads\/sites\/172\/2017\/05\/samonas-apartments-chania-320x213.jpg\" class=\"attachment-small-mobile size-small-mobile\" alt=\"\" srcset=\"https:\/\/www.samonas.gr\/wp-content\/uploads\/sites\/172\/2017\/05\/samonas-apartments-chania-320x213.jpg 320w, https:\/\/www.samonas.gr\/wp-content\/uploads\/sites\/172\/2017\/05\/samonas-apartments-chania-300x200.jpg 300w, https:\/\/www.samonas.gr\/wp-content\/uploads\/sites\/172\/2017\/05\/samonas-apartments-chania-1024x683.jpg 1024w, https:\/\/www.samonas.gr\/wp-content\/uploads\/sites\/172\/2017\/05\/samonas-apartments-chania-1280x853.jpg 1280w, https:\/\/www.samonas.gr\/wp-content\/uploads\/sites\/172\/2017\/05\/samonas-apartments-chania-680x453.jpg 680w, https:\/\/www.samonas.gr\/wp-content\/uploads\/sites\/172\/2017\/05\/samonas-apartments-chania-1920x1280.jpg 1920w\" sizes=\"auto, (max-width: 320px) 100vw, 320px\" \/><\/a><\/dt><\/dl><dl class=\"gallery-item\"><dt class=\"gallery-icon\"><a href=\"https:\/\/www.samonas.gr\/wp-content\/uploads\/sites\/172\/2017\/05\/Mantzourana-villa-08-1024x683.jpg\"><img loading=\"lazy\" decoding=\"async\" width=\"320\" height=\"213\" src=\"https:\/\/www.samonas.gr\/wp-content\/uploads\/sites\/172\/2017\/05\/Mantzourana-villa-08-320x213.jpg\" class=\"attachment-small-mobile size-small-mobile\" alt=\"\" srcset=\"https:\/\/www.samonas.gr\/wp-content\/uploads\/sites\/172\/2017\/05\/Mantzourana-villa-08-320x213.jpg 320w, https:\/\/www.samonas.gr\/wp-content\/uploads\/sites\/172\/2017\/05\/Mantzourana-villa-08-300x200.jpg 300w, https:\/\/www.samonas.gr\/wp-content\/uploads\/sites\/172\/2017\/05\/Mantzourana-villa-08-1024x683.jpg 1024w, https:\/\/www.samonas.gr\/wp-content\/uploads\/sites\/172\/2017\/05\/Mantzourana-villa-08-1280x853.jpg 1280w, https:\/\/www.samonas.gr\/wp-content\/uploads\/sites\/172\/2017\/05\/Mantzourana-villa-08-680x453.jpg 680w, https:\/\/www.samonas.gr\/wp-content\/uploads\/sites\/172\/2017\/05\/Mantzourana-villa-08-1920x1280.jpg 1920w\" sizes=\"auto, (max-width: 320px) 100vw, 320px\" \/><\/a><\/dt><\/dl><dl class=\"gallery-item\"><dt class=\"gallery-icon\"><a href=\"https:\/\/www.samonas.gr\/wp-content\/uploads\/sites\/172\/2017\/05\/orange-villa-04-1024x683.jpg\"><img loading=\"lazy\" decoding=\"async\" width=\"320\" height=\"213\" src=\"https:\/\/www.samonas.gr\/wp-content\/uploads\/sites\/172\/2017\/05\/orange-villa-04-320x213.jpg\" class=\"attachment-small-mobile size-small-mobile\" alt=\"\" srcset=\"https:\/\/www.samonas.gr\/wp-content\/uploads\/sites\/172\/2017\/05\/orange-villa-04-320x213.jpg 320w, https:\/\/www.samonas.gr\/wp-content\/uploads\/sites\/172\/2017\/05\/orange-villa-04-300x200.jpg 300w, https:\/\/www.samonas.gr\/wp-content\/uploads\/sites\/172\/2017\/05\/orange-villa-04-1024x683.jpg 1024w, https:\/\/www.samonas.gr\/wp-content\/uploads\/sites\/172\/2017\/05\/orange-villa-04-1280x853.jpg 1280w, https:\/\/www.samonas.gr\/wp-content\/uploads\/sites\/172\/2017\/05\/orange-villa-04-680x453.jpg 680w, https:\/\/www.samonas.gr\/wp-content\/uploads\/sites\/172\/2017\/05\/orange-villa-04-1920x1280.jpg 1920w\" sizes=\"auto, (max-width: 320px) 100vw, 320px\" \/><\/a><\/dt><\/dl><\/div>\n<p><strong>2. Depuis l\u2019a\u00e9roport d\u2019H\u00e9raklion suivez les directions <\/strong>: A\u00e9roport &#8211; Rethymnon &#8211; Kalyves &#8211; Stylos &#8211; Samonas.<br \/>\nPlus pr\u00e9cis\u00e9ment : Depuis A\u00e9roport \u2013 Rethymnon prenez la direction de Chania. Sur l\u2019autoroute, prenez la sortie en direction de Kalyves puis sur la gauche vers les villages de Armenoi \u2013 Neo Horoi \u2013 Stylos. A l\u2019entr\u00e9e de Stylos, prenez \u00e0 gauche et suivez la petite route sinueuse en direction de Samonas (4km). Nos maisons traditionnelles se situent sur la gauche apr\u00e8s les premi\u00e8res r\u00e9sidences.<\/p>\n<p>&nbsp;<\/p>","protected":false},"excerpt":{"rendered":"<p>Le quartier traditionnel de Samonas est un quartier enti\u00e8rement r\u00e9nov\u00e9 dans le village de Samonas, dans le district de Apokoronas en Cr\u00e8te, \u00e0 une altitude de 400m et \u00e0 25km de Chania. Le quartier est construit sur les pentes de la colline et est orient\u00e9 de fa\u00e7on \u00e0 offrir une vue \u00e9poustouflante sur la montagne, la vall\u00e9e et la mer depuis chacune des maisons. En regardant par-dessus les habitations, vous aurez l\u2019impression de pouvoir toucher les Montagnes Blanches de Cr\u00e8te ou de pouvoir plonger dans la mer cr\u00e9toise.<\/p>\n","protected":false},"author":1,"featured_media":54,"parent":0,"menu_order":0,"comment_status":"closed","ping_status":"closed","template":"page_location.php","meta":{"footnotes":""},"class_list":["post-8","page","type-page","status-publish","has-post-thumbnail","hentry"],"_links":{"self":[{"href":"https:\/\/www.samonas.gr\/fr\/wp-json\/wp\/v2\/pages\/8","targetHints":{"allow":["GET"]}}],"collection":[{"href":"https:\/\/www.samonas.gr\/fr\/wp-json\/wp\/v2\/pages"}],"about":[{"href":"https:\/\/www.samonas.gr\/fr\/wp-json\/wp\/v2\/types\/page"}],"author":[{"embeddable":true,"href":"https:\/\/www.samonas.gr\/fr\/wp-json\/wp\/v2\/users\/1"}],"replies":[{"embeddable":true,"href":"https:\/\/www.samonas.gr\/fr\/wp-json\/wp\/v2\/comments?post=8"}],"version-history":[{"count":18,"href":"https:\/\/www.samonas.gr\/fr\/wp-json\/wp\/v2\/pages\/8\/revisions"}],"predecessor-version":[{"id":1840,"href":"https:\/\/www.samonas.gr\/fr\/wp-json\/wp\/v2\/pages\/8\/revisions\/1840"}],"wp:featuredmedia":[{"embeddable":true,"href":"https:\/\/www.samonas.gr\/fr\/wp-json\/wp\/v2\/media\/54"}],"wp:attachment":[{"href":"https:\/\/www.samonas.gr\/fr\/wp-json\/wp\/v2\/media?parent=8"}],"curies":[{"name":"wp","href":"https:\/\/api.w.org\/{rel}","templated":true}]}}