{"id":6,"date":"2017-04-26T07:03:27","date_gmt":"2017-04-26T07:03:27","guid":{"rendered":"http:\/\/samonas.codibee.solutions\/facilities\/"},"modified":"2025-11-15T08:54:13","modified_gmt":"2025-11-15T08:54:13","slug":"houses-facilities","status":"publish","type":"page","link":"https:\/\/www.samonas.gr\/pl\/houses-facilities\/","title":{"rendered":"Udogodnienia"},"content":{"rendered":"<p><\/p>\n<div class=\"cdb-container hotel_plus_benefits\"><strong><strong><strong><br \/>\n<strong>Wyposa\u017cenie willi:<\/strong><\/strong><\/strong><\/strong><\/p>\n<ul>\n<li>W pe\u0142ni wyposa\u017cona zabudowa kuchenna z piekarnikiem, ceramicznymi przyborami kuchennymi, lod\u00f3wk\u0105, zamra\u017cark\u0105, zmywark\u0105, kuchenk\u0105 mikrofalow\u0105, dzbankiem do kawy, tosterem, ma\u0142\u0105 elektryczn\u0105 szczotk\u0105, szybkowarem i ca\u0142\u0105 lini\u0105 znanych artyku\u0142\u00f3w kuchennych oraz najwy\u017cszej jako\u015bci zastaw\u0105 obiadow\u0105.<\/li>\n<li>Jadalnia z du\u017cym sto\u0142em i krzes\u0142ami.<\/li>\n<li>Salon z kominkiem, telewizorem, odtwarzaczem DVD, sprz\u0119tem stereo, podw\u00f3jna lub potr\u00f3jna kanapa z materacem ortopedycznym, kt\u00f3ry bardzo \u0142atwo przekszta\u0142ca si\u0119 w dwa pojedyncze lub jedno podw\u00f3jne \u0142\u00f3\u017cko.<\/li>\n<li>Sypialnia z podw\u00f3jnym \u0142\u00f3\u017ckiem z materacem ortopedycznym, toaletk\u0105 z lustrem, szaf\u0105, pe\u0142nowymiarowym lustrem, \u017celazkiem, desk\u0105 do prasowania, itp.<\/li>\n<li>\u0141azienka z prysznicem, pralk\u0105 i suszark\u0105, suszark\u0105 do w\u0142os\u00f3w.<\/li>\n<li>Wszystkie mieszkania maj\u0105 co najmniej jeden niezale\u017cny dziedziniec lub werand\u0119 i balkon z tradycyjnymi meblami ogrodowymi.<\/li>\n<li>Opr\u00f3cz kominka wszystkie mieszkania maj\u0105 klimatyzacj\u0119 na obu pi\u0119trach i ciep\u0142\u0105 wod\u0119 z s\u0142onecznego i elektrycznego podgrzewacza wody.<\/li>\n<li>Wszystkie meble z drewna bukowego s\u0105 r\u0119cznie rze\u017abione.<\/li>\n<li>Lniane draperie s\u0105 haftowane i najwy\u017cszej jako\u015bci, a ko\u0142dry i poduszki s\u0105 z pierza.<\/li>\n<\/ul>\n<\/div>\n<div class=\"cdb-container\"><\/div>\n<p>&nbsp;<\/p>\n<div class=\"cdb-container hotel_plus_benefits\"><strong><strong><strong><br \/>\n<strong>Bezp\u0142atne udogodnienia:<\/strong><\/strong><\/strong><\/strong><\/p>\n<ul>\n<li>Regularne sprz\u0105tanie i zmiana po\u015bcieli zgodnie z zasadami rezerwacji.<\/li>\n<li>Klimatyzacja i kominek.<\/li>\n<li>Przybory k\u0105pielowe, kapcie, szlafroki, r\u0119czniki k\u0105pielowe.<\/li>\n<li>Powitalny drink po przyje\u017adzie i podstawowy pakiet startowy.<\/li>\n<li>Odkryty basen, parasole, le\u017caki.<\/li>\n<li>Grill i tradycyjny piekarnik.<\/li>\n<li>Biblioteka, CD\/DVD, gry planszowe.<\/li>\n<li>Internet Wi-Fi.<\/li>\n<\/ul>\n<\/div>\n<div class=\"cdb-container hotel_plus_benefits\"><strong><strong><strong><br \/>\n<strong>Udogodnienia odp\u0142atne:<\/strong><\/strong><\/strong><\/strong><\/div>\n<div class=\"cdb-container hotel_plus_benefits\"><\/div>\n<div class=\"cdb-container hotel_plus_benefits\"><a href=\"https:\/\/www.rental-center-crete.com\/online-quote.php?RF=0022#step1\" target=\"_blank\" rel=\"noopener\">Wypo\u017cyczanie samochodu<\/a><\/div>\n<div class=\"cdb-container hotel_plus_benefits\"><a href=\"https:\/\/www.crete.cab\/?RF=0022\" target=\"_blank\" rel=\"noopener\">Transfer taks\u00f3wk\u0105<\/a><\/div>\n<div class=\"cdb-container hotel_plus_benefits\">\n<ul>\n<li>Tradycyjne \u015bniadanie i ma\u0142e posi\u0142ki.<\/li>\n<li>Mini market.<\/li>\n<li>Rowery e-g\u00f3rskie.<\/li>\n<li>Wycieczki.<\/li>\n<li>Udogodnienia dla dzieci (\u0142\u00f3\u017ceczko dzieci\u0119ce, krzese\u0142ko dla dziecka, gondole, zabawki).<\/li>\n<li>Specjalna dekoracja na specjalne okazje.<\/li>\n<li>&#8230; i wszelkie inne wyj\u0105tkowe wymagania, kt\u00f3re mo\u017cesz mie\u0107.<\/li>\n<\/ul>\n<\/div>\n<div class=\"cdb-container\"><\/div>\n<p><\/p>","protected":false},"excerpt":{"rendered":"<p>Tradycyjne domy Samonas oferuj\u0105 r\u00f3\u017cne rodzaje us\u0142ug. Odkryj wyposa\u017cenie w naszych pokojach, a tak\u017ce bezp\u0142atne i p\u0142atne udogodnienia.<\/p>\n","protected":false},"author":1,"featured_media":27,"parent":0,"menu_order":0,"comment_status":"closed","ping_status":"closed","template":"page_facilities.php","meta":{"footnotes":""},"class_list":["post-6","page","type-page","status-publish","has-post-thumbnail","hentry"],"_links":{"self":[{"href":"https:\/\/www.samonas.gr\/pl\/wp-json\/wp\/v2\/pages\/6","targetHints":{"allow":["GET"]}}],"collection":[{"href":"https:\/\/www.samonas.gr\/pl\/wp-json\/wp\/v2\/pages"}],"about":[{"href":"https:\/\/www.samonas.gr\/pl\/wp-json\/wp\/v2\/types\/page"}],"author":[{"embeddable":true,"href":"https:\/\/www.samonas.gr\/pl\/wp-json\/wp\/v2\/users\/1"}],"replies":[{"embeddable":true,"href":"https:\/\/www.samonas.gr\/pl\/wp-json\/wp\/v2\/comments?post=6"}],"version-history":[{"count":41,"href":"https:\/\/www.samonas.gr\/pl\/wp-json\/wp\/v2\/pages\/6\/revisions"}],"predecessor-version":[{"id":2062,"href":"https:\/\/www.samonas.gr\/pl\/wp-json\/wp\/v2\/pages\/6\/revisions\/2062"}],"wp:featuredmedia":[{"embeddable":true,"href":"https:\/\/www.samonas.gr\/pl\/wp-json\/wp\/v2\/media\/27"}],"wp:attachment":[{"href":"https:\/\/www.samonas.gr\/pl\/wp-json\/wp\/v2\/media?parent=6"}],"curies":[{"name":"wp","href":"https:\/\/api.w.org\/{rel}","templated":true}]}}