{"id":8,"date":"2017-04-26T07:03:27","date_gmt":"2017-04-26T07:03:27","guid":{"rendered":"http:\/\/samonas.codibee.solutions\/location\/"},"modified":"2022-10-10T18:30:41","modified_gmt":"2022-10-10T18:30:41","slug":"samonas-village","status":"publish","type":"page","link":"https:\/\/www.samonas.gr\/pl\/samonas-village\/","title":{"rendered":"Lokalizacja"},"content":{"rendered":"<p>Tradycyjna osada Samonas to ca\u0142kowicie odnowiona okolica w miejscowo\u015bci Samonas, w dzielnicy Apokoronas na Krecie, na wysoko\u015bci 400 m, w odleg\u0142o\u015bci 25 km od Chanii. Osad\u0119 zbudowano na zboczu wzg\u00f3rza. Ze wszystkich dom\u00f3w oferuje ona imponuj\u0105cy widok na g\u00f3ry, dolin\u0119 i morze. Patrz\u0105c na lokalizacj\u0119 nieruchomo\u015bci, mo\u017cna odnie\u015b\u0107 wra\u017cenie, \u017ce na wyci\u0105gni\u0119cie r\u0119ki jest Cretan White Mountain lub zanurzy\u0107 si\u0119 w rozleg\u0142ym krete\u0144skim morzu.<\/p>\n<p>&nbsp;<\/p>\n<h2>Jak si\u0119 tu dosta\u0107??<\/h2>\n<p><strong>1. Z lotniska Chania kieruj si\u0119 tras\u0105<\/strong>: Lotnisko &#8211; Souda &#8211; Megala Horafia &#8211; Styos &#8211; Samonas.<br \/>\nDok\u0142adniej: 7 km od lotniska skr\u0119camy w lewo do portu Souda. Po przejechaniu przez Sud\u0119, wjed\u017a na autostrad\u0119 w kierunku Rethymnon. Zaledwie kilka kilometr\u00f3w dalej, po wjechaniu do Megala Horafia jed\u017a prosto do miejscowo\u015bci Stylos. Droga rozdziela si\u0119 na ko\u0144cu wioski Stylos. Musisz porusza\u0107 si\u0119 zgodnie ze znakami. Po 4 km dotrzesz do wioski Samonas. Nasze tradycyjne domy znajduj\u0105 si\u0119 po lewej stronie, tu\u017c za kilkoma pierwszymi rezydencjami.\u00a0<a href=\"https:\/\/www.ferriesingreece.com\/destinations\/ferry-to-chania\/?aff=0websites\" target=\"_blank\" rel=\"nofollow\">Zarezerwuj bilety na prom<\/a> i przyjed\u017a do Chania!<\/p>\n<p>&nbsp;<\/p>\n<br><br><div class=\"gallery clearfix\"><div class=\"grid-sizer\"><\/div><dl class=\"gallery-item\"><dt class=\"gallery-icon\"><a href=\"https:\/\/www.samonas.gr\/wp-content\/uploads\/sites\/172\/2017\/05\/Mantzourana-villa-02-1024x683.jpg\"><img loading=\"lazy\" decoding=\"async\" width=\"320\" height=\"213\" src=\"https:\/\/www.samonas.gr\/wp-content\/uploads\/sites\/172\/2017\/05\/Mantzourana-villa-02-320x213.jpg\" class=\"attachment-small-mobile size-small-mobile\" alt=\"\" srcset=\"https:\/\/www.samonas.gr\/wp-content\/uploads\/sites\/172\/2017\/05\/Mantzourana-villa-02-320x213.jpg 320w, https:\/\/www.samonas.gr\/wp-content\/uploads\/sites\/172\/2017\/05\/Mantzourana-villa-02-300x200.jpg 300w, https:\/\/www.samonas.gr\/wp-content\/uploads\/sites\/172\/2017\/05\/Mantzourana-villa-02-1024x683.jpg 1024w, https:\/\/www.samonas.gr\/wp-content\/uploads\/sites\/172\/2017\/05\/Mantzourana-villa-02-1280x853.jpg 1280w, https:\/\/www.samonas.gr\/wp-content\/uploads\/sites\/172\/2017\/05\/Mantzourana-villa-02-680x453.jpg 680w, https:\/\/www.samonas.gr\/wp-content\/uploads\/sites\/172\/2017\/05\/Mantzourana-villa-02-1920x1280.jpg 1920w\" sizes=\"auto, (max-width: 320px) 100vw, 320px\" \/><\/a><\/dt><\/dl><dl class=\"gallery-item\"><dt class=\"gallery-icon\"><a href=\"https:\/\/www.samonas.gr\/wp-content\/uploads\/sites\/172\/2017\/05\/Mantzourana-villa-03-1024x683.jpg\"><img loading=\"lazy\" decoding=\"async\" width=\"320\" height=\"213\" src=\"https:\/\/www.samonas.gr\/wp-content\/uploads\/sites\/172\/2017\/05\/Mantzourana-villa-03-320x213.jpg\" class=\"attachment-small-mobile size-small-mobile\" alt=\"\" srcset=\"https:\/\/www.samonas.gr\/wp-content\/uploads\/sites\/172\/2017\/05\/Mantzourana-villa-03-320x213.jpg 320w, https:\/\/www.samonas.gr\/wp-content\/uploads\/sites\/172\/2017\/05\/Mantzourana-villa-03-300x200.jpg 300w, https:\/\/www.samonas.gr\/wp-content\/uploads\/sites\/172\/2017\/05\/Mantzourana-villa-03-1024x683.jpg 1024w, https:\/\/www.samonas.gr\/wp-content\/uploads\/sites\/172\/2017\/05\/Mantzourana-villa-03-1280x853.jpg 1280w, https:\/\/www.samonas.gr\/wp-content\/uploads\/sites\/172\/2017\/05\/Mantzourana-villa-03-680x453.jpg 680w, https:\/\/www.samonas.gr\/wp-content\/uploads\/sites\/172\/2017\/05\/Mantzourana-villa-03-1920x1280.jpg 1920w\" sizes=\"auto, (max-width: 320px) 100vw, 320px\" \/><\/a><\/dt><\/dl><dl class=\"gallery-item\"><dt class=\"gallery-icon\"><a href=\"https:\/\/www.samonas.gr\/wp-content\/uploads\/sites\/172\/2017\/05\/Mantzourana-villa-06-1024x683.jpg\"><img loading=\"lazy\" decoding=\"async\" width=\"320\" height=\"213\" src=\"https:\/\/www.samonas.gr\/wp-content\/uploads\/sites\/172\/2017\/05\/Mantzourana-villa-06-320x213.jpg\" class=\"attachment-small-mobile size-small-mobile\" alt=\"\" srcset=\"https:\/\/www.samonas.gr\/wp-content\/uploads\/sites\/172\/2017\/05\/Mantzourana-villa-06-320x213.jpg 320w, https:\/\/www.samonas.gr\/wp-content\/uploads\/sites\/172\/2017\/05\/Mantzourana-villa-06-300x200.jpg 300w, https:\/\/www.samonas.gr\/wp-content\/uploads\/sites\/172\/2017\/05\/Mantzourana-villa-06-1024x683.jpg 1024w, https:\/\/www.samonas.gr\/wp-content\/uploads\/sites\/172\/2017\/05\/Mantzourana-villa-06-1280x853.jpg 1280w, https:\/\/www.samonas.gr\/wp-content\/uploads\/sites\/172\/2017\/05\/Mantzourana-villa-06-680x453.jpg 680w, https:\/\/www.samonas.gr\/wp-content\/uploads\/sites\/172\/2017\/05\/Mantzourana-villa-06-1920x1280.jpg 1920w\" sizes=\"auto, (max-width: 320px) 100vw, 320px\" \/><\/a><\/dt><\/dl><dl class=\"gallery-item\"><dt class=\"gallery-icon\"><a href=\"https:\/\/www.samonas.gr\/wp-content\/uploads\/sites\/172\/2017\/05\/samonas-apartments-chania-1024x683.jpg\"><img loading=\"lazy\" decoding=\"async\" width=\"320\" height=\"213\" src=\"https:\/\/www.samonas.gr\/wp-content\/uploads\/sites\/172\/2017\/05\/samonas-apartments-chania-320x213.jpg\" class=\"attachment-small-mobile size-small-mobile\" alt=\"\" srcset=\"https:\/\/www.samonas.gr\/wp-content\/uploads\/sites\/172\/2017\/05\/samonas-apartments-chania-320x213.jpg 320w, https:\/\/www.samonas.gr\/wp-content\/uploads\/sites\/172\/2017\/05\/samonas-apartments-chania-300x200.jpg 300w, https:\/\/www.samonas.gr\/wp-content\/uploads\/sites\/172\/2017\/05\/samonas-apartments-chania-1024x683.jpg 1024w, https:\/\/www.samonas.gr\/wp-content\/uploads\/sites\/172\/2017\/05\/samonas-apartments-chania-1280x853.jpg 1280w, https:\/\/www.samonas.gr\/wp-content\/uploads\/sites\/172\/2017\/05\/samonas-apartments-chania-680x453.jpg 680w, https:\/\/www.samonas.gr\/wp-content\/uploads\/sites\/172\/2017\/05\/samonas-apartments-chania-1920x1280.jpg 1920w\" sizes=\"auto, (max-width: 320px) 100vw, 320px\" \/><\/a><\/dt><\/dl><dl class=\"gallery-item\"><dt class=\"gallery-icon\"><a href=\"https:\/\/www.samonas.gr\/wp-content\/uploads\/sites\/172\/2017\/05\/Mantzourana-villa-08-1024x683.jpg\"><img loading=\"lazy\" decoding=\"async\" width=\"320\" height=\"213\" src=\"https:\/\/www.samonas.gr\/wp-content\/uploads\/sites\/172\/2017\/05\/Mantzourana-villa-08-320x213.jpg\" class=\"attachment-small-mobile size-small-mobile\" alt=\"\" srcset=\"https:\/\/www.samonas.gr\/wp-content\/uploads\/sites\/172\/2017\/05\/Mantzourana-villa-08-320x213.jpg 320w, https:\/\/www.samonas.gr\/wp-content\/uploads\/sites\/172\/2017\/05\/Mantzourana-villa-08-300x200.jpg 300w, https:\/\/www.samonas.gr\/wp-content\/uploads\/sites\/172\/2017\/05\/Mantzourana-villa-08-1024x683.jpg 1024w, https:\/\/www.samonas.gr\/wp-content\/uploads\/sites\/172\/2017\/05\/Mantzourana-villa-08-1280x853.jpg 1280w, https:\/\/www.samonas.gr\/wp-content\/uploads\/sites\/172\/2017\/05\/Mantzourana-villa-08-680x453.jpg 680w, https:\/\/www.samonas.gr\/wp-content\/uploads\/sites\/172\/2017\/05\/Mantzourana-villa-08-1920x1280.jpg 1920w\" sizes=\"auto, (max-width: 320px) 100vw, 320px\" \/><\/a><\/dt><\/dl><dl class=\"gallery-item\"><dt class=\"gallery-icon\"><a href=\"https:\/\/www.samonas.gr\/wp-content\/uploads\/sites\/172\/2017\/05\/orange-villa-04-1024x683.jpg\"><img loading=\"lazy\" decoding=\"async\" width=\"320\" height=\"213\" src=\"https:\/\/www.samonas.gr\/wp-content\/uploads\/sites\/172\/2017\/05\/orange-villa-04-320x213.jpg\" class=\"attachment-small-mobile size-small-mobile\" alt=\"\" srcset=\"https:\/\/www.samonas.gr\/wp-content\/uploads\/sites\/172\/2017\/05\/orange-villa-04-320x213.jpg 320w, https:\/\/www.samonas.gr\/wp-content\/uploads\/sites\/172\/2017\/05\/orange-villa-04-300x200.jpg 300w, https:\/\/www.samonas.gr\/wp-content\/uploads\/sites\/172\/2017\/05\/orange-villa-04-1024x683.jpg 1024w, https:\/\/www.samonas.gr\/wp-content\/uploads\/sites\/172\/2017\/05\/orange-villa-04-1280x853.jpg 1280w, https:\/\/www.samonas.gr\/wp-content\/uploads\/sites\/172\/2017\/05\/orange-villa-04-680x453.jpg 680w, https:\/\/www.samonas.gr\/wp-content\/uploads\/sites\/172\/2017\/05\/orange-villa-04-1920x1280.jpg 1920w\" sizes=\"auto, (max-width: 320px) 100vw, 320px\" \/><\/a><\/dt><\/dl><\/div>\n<p>&nbsp;<\/p>\n<p><strong>2. Z lotniska w Heraklionie jed\u017a tras\u0105<\/strong>: Lotnisko &#8211; Rethymnon &#8211; Kalyves &#8211; Stylos &#8211; Samonas.<br \/>\nBardziej szczeg\u00f3\u0142owo: Z Heraklionu &#8211; Rethymnon jed\u017a do Chanii. Z autostrady kieruj si\u0119 do Kalyves, a nast\u0119pnie w lewo do miejscowo\u015bci Armenoi &#8211; Neo Horio &#8211; Stylos. Przy wje\u017adzie do Stylos skr\u0119\u0107 w lewo i kieruj si\u0119 w\u0105sk\u0105, spokojn\u0105 drog\u0105 do Samonas (4 km). Nasze tradycyjne domy znajduj\u0105 si\u0119 po lewej stronie, tu\u017c za kilkoma pierwszymi rezydencjami.<\/p>\n<p>&nbsp;<\/p>","protected":false},"excerpt":{"rendered":"<p>Tradycyjna osada Samonas to ca\u0142kowicie odnowiona okolica w miejscowo\u015bci Samonas, w dzielnicy Apokoronas na Krecie, na wysoko\u015bci 400 m, w odleg\u0142o\u015bci 25 km od Chanii. Osad\u0119 zbudowano na zboczu wzg\u00f3rza. Ze wszystkich dom\u00f3w oferuje ona imponuj\u0105cy widok na g\u00f3ry, dolin\u0119 i morze. Patrz\u0105c na lokalizacj\u0119 nieruchomo\u015bci, mo\u017cna odnie\u015b\u0107 wra\u017cenie, \u017ce na wyci\u0105gni\u0119cie r\u0119ki jest Cretan White Mountain lub zanurzy\u0107 si\u0119 w rozleg\u0142ym krete\u0144skim morzu.<\/p>\n","protected":false},"author":1,"featured_media":54,"parent":0,"menu_order":0,"comment_status":"closed","ping_status":"closed","template":"page_location.php","meta":{"footnotes":""},"class_list":["post-8","page","type-page","status-publish","has-post-thumbnail","hentry"],"_links":{"self":[{"href":"https:\/\/www.samonas.gr\/pl\/wp-json\/wp\/v2\/pages\/8","targetHints":{"allow":["GET"]}}],"collection":[{"href":"https:\/\/www.samonas.gr\/pl\/wp-json\/wp\/v2\/pages"}],"about":[{"href":"https:\/\/www.samonas.gr\/pl\/wp-json\/wp\/v2\/types\/page"}],"author":[{"embeddable":true,"href":"https:\/\/www.samonas.gr\/pl\/wp-json\/wp\/v2\/users\/1"}],"replies":[{"embeddable":true,"href":"https:\/\/www.samonas.gr\/pl\/wp-json\/wp\/v2\/comments?post=8"}],"version-history":[{"count":18,"href":"https:\/\/www.samonas.gr\/pl\/wp-json\/wp\/v2\/pages\/8\/revisions"}],"predecessor-version":[{"id":1840,"href":"https:\/\/www.samonas.gr\/pl\/wp-json\/wp\/v2\/pages\/8\/revisions\/1840"}],"wp:featuredmedia":[{"embeddable":true,"href":"https:\/\/www.samonas.gr\/pl\/wp-json\/wp\/v2\/media\/54"}],"wp:attachment":[{"href":"https:\/\/www.samonas.gr\/pl\/wp-json\/wp\/v2\/media?parent=8"}],"curies":[{"name":"wp","href":"https:\/\/api.w.org\/{rel}","templated":true}]}}